{"id":16407,"date":"2025-06-14T10:36:11","date_gmt":"2025-06-14T09:36:11","guid":{"rendered":"https:\/\/waterfalldz.com\/?post_type=product&#038;p=16407"},"modified":"2025-06-14T10:36:11","modified_gmt":"2025-06-14T09:36:11","slug":"chaudiere-sl-dl28","status":"publish","type":"product","link":"https:\/\/waterfalldz.com\/ar\/product\/chaudiere-sl-dl28\/","title":{"rendered":"Chaudi\u00e8re SL-DL28"},"content":{"rendered":"<section class=\"elementor-section elementor-top-section elementor-element elementor-element-2b4f92e9 elementor-section-full_width elementor-section-height-default elementor-section-height-default\" data-id=\"2b4f92e9\" data-element_type=\"section\">\n<div class=\"elementor-container elementor-column-gap-no\">\n<div class=\"elementor-column elementor-col-100 elementor-top-column elementor-element elementor-element-3ce4db4a\" data-id=\"3ce4db4a\" data-element_type=\"column\">\n<div class=\"elementor-widget-wrap elementor-element-populated\">\n<div class=\"elementor-element elementor-element-61b0d093 tabs-top-align-left elementor-position-left tabs-accordion-align-left wc-product-info-yes elementor-widget elementor-widget-the7-woocommerce-product-data-tabs\" data-id=\"61b0d093\" data-element_type=\"widget\" data-widget_type=\"the7-woocommerce-product-data-tabs.default\">\n<div class=\"elementor-widget-container\">\n<div class=\"the7-elementor-product-simple the7-elementor-widget elementor-widget-tabs elementor-tabs dt-tabs-view-horizontal dt-tabs-view-tablet- dt-tabs-view-mobile-accordion    the7-woocommerce-product-data-tabs-61b0d093\">\n<div class=\"woocommerce-tabs wc-tabs-wrapper\">\n<div id=\"tab-description\" class=\"woocommerce-Tabs-panel woocommerce-Tabs-panel--description panel entry-content wc-tab\" role=\"tabpanel\" aria-labelledby=\"tab-title-description\">\n<p>La chaudi\u00e8re SL-DL28 offre une solution de chauffage compl\u00e8te et efficace, aliment\u00e9e au gaz naturel. Avec sa puissance de 28 kW et sa capacit\u00e9 de 14 litres, elle assure un confort thermique optimal pour votre domicile ou votre entreprise. Les accessoires inclus tels que le conduit d\u2019\u00e9chappement, le filtre magn\u00e9tique et la prise de protection garantissent un fonctionnement s\u00fbr et fiable. Dot\u00e9e d\u2019un affichage intuitif et d\u2019un panneau de commande convivial, cette chaudi\u00e8re offre une utilisation simple et une gestion efficace de la temp\u00e9rature.<\/p>\n<\/div>\n<\/div>\n<\/div>\n<\/div>\n<\/div>\n<\/div>\n<\/div>\n<\/div>\n<\/section>\n<section class=\"elementor-section elementor-top-section elementor-element elementor-element-2d0eeb0 elementor-section-boxed elementor-section-height-default elementor-section-height-default\" data-id=\"2d0eeb0\" data-element_type=\"section\">\n<div class=\"elementor-container elementor-column-gap-default\">\n<div class=\"elementor-column elementor-col-100 elementor-top-column elementor-element elementor-element-2cb50db9\" data-id=\"2cb50db9\" data-element_type=\"column\">\n<div class=\"elementor-widget-wrap elementor-element-populated\">\n<div class=\"elementor-element elementor-element-80fedea variations-visible-n layout-content_below_img btn-position-below_image arrows-relative-to-box_area preserve-img-ratio-cover icon-visibility-y bullets-small-dot-stroke elementor-widget elementor-widget-the7-wc-products-carousel\" data-id=\"80fedea\" data-element_type=\"widget\" data-settings=\"{&quot;widget_columns&quot;:5,&quot;widget_columns_tablet&quot;:2,&quot;widget_columns_mobile&quot;:1,&quot;gap_between_posts&quot;:{&quot;unit&quot;:&quot;px&quot;,&quot;size&quot;:40,&quot;sizes&quot;:[]},&quot;gap_between_posts_tablet&quot;:{&quot;unit&quot;:&quot;px&quot;,&quot;size&quot;:&quot;&quot;,&quot;sizes&quot;:[]},&quot;gap_between_posts_mobile&quot;:{&quot;unit&quot;:&quot;px&quot;,&quot;size&quot;:&quot;&quot;,&quot;sizes&quot;:[]},&quot;show_variations&quot;:&quot;n&quot;,&quot;show_add_to_cart&quot;:&quot;y&quot;}\" data-widget_type=\"the7-wc-products-carousel.default\">\n<div class=\"elementor-widget-container\">\n<div class=\"products-shortcode the7-elementor-widget loading-effect-none the7-wc-products-carousel-80fedea cart-btn-below-img wc-img-hover\"><\/div>\n<\/div>\n<\/div>\n<\/div>\n<\/div>\n<\/div>\n<\/section>","protected":false},"excerpt":{"rendered":"<div class=\"elementor-element elementor-element-2e49dd8b elementor-widget elementor-widget-woocommerce-product-short-description\" data-id=\"2e49dd8b\" data-element_type=\"widget\" data-widget_type=\"woocommerce-product-short-description.default\">\n<div class=\"elementor-widget-container\">\n<div class=\"woocommerce-product-details__short-description\">\n<p>La chaudi\u00e8re SL-DL28 offre chauffage et production d\u2019eau chaude. Puissance de 28 kW, capacit\u00e9 de 14 litres, affichage intuitif et panneau de commande convivial.<\/p>\n<\/div>\n<\/div>\n<\/div>\n<div class=\"elementor-element elementor-element-6db092b4 elementor-widget elementor-widget-woocommerce-product-price\" data-id=\"6db092b4\" data-element_type=\"widget\" data-widget_type=\"woocommerce-product-price.default\">\n<div class=\"elementor-widget-container\"><\/div>\n<\/div>","protected":false},"featured_media":16408,"template":"","meta":[],"product_brand":[],"product_cat":[107],"product_tag":[],"class_list":{"0":"post-16407","1":"product","2":"type-product","3":"status-publish","4":"has-post-thumbnail","6":"product_cat-chauffage-central","8":"first","9":"instock","10":"sale","11":"shipping-taxable","12":"purchasable","13":"product-type-simple"},"jetpack_sharing_enabled":true,"_links":{"self":[{"href":"https:\/\/waterfalldz.com\/ar\/wp-json\/wp\/v2\/product\/16407","targetHints":{"allow":["GET"]}}],"collection":[{"href":"https:\/\/waterfalldz.com\/ar\/wp-json\/wp\/v2\/product"}],"about":[{"href":"https:\/\/waterfalldz.com\/ar\/wp-json\/wp\/v2\/types\/product"}],"version-history":[{"count":1,"href":"https:\/\/waterfalldz.com\/ar\/wp-json\/wp\/v2\/product\/16407\/revisions"}],"predecessor-version":[{"id":16409,"href":"https:\/\/waterfalldz.com\/ar\/wp-json\/wp\/v2\/product\/16407\/revisions\/16409"}],"wp:featuredmedia":[{"embeddable":true,"href":"https:\/\/waterfalldz.com\/ar\/wp-json\/wp\/v2\/media\/16408"}],"wp:attachment":[{"href":"https:\/\/waterfalldz.com\/ar\/wp-json\/wp\/v2\/media?parent=16407"}],"wp:term":[{"taxonomy":"product_brand","embeddable":true,"href":"https:\/\/waterfalldz.com\/ar\/wp-json\/wp\/v2\/product_brand?post=16407"},{"taxonomy":"product_cat","embeddable":true,"href":"https:\/\/waterfalldz.com\/ar\/wp-json\/wp\/v2\/product_cat?post=16407"},{"taxonomy":"product_tag","embeddable":true,"href":"https:\/\/waterfalldz.com\/ar\/wp-json\/wp\/v2\/product_tag?post=16407"}],"curies":[{"name":"wp","href":"https:\/\/api.w.org\/{rel}","templated":true}]}}