{"id":16394,"date":"2025-06-10T12:34:17","date_gmt":"2025-06-10T11:34:17","guid":{"rendered":"https:\/\/waterfalldz.com\/?post_type=product&#038;p=16394"},"modified":"2025-06-10T12:34:17","modified_gmt":"2025-06-10T11:34:17","slug":"cumulus-electrique-51l","status":"publish","type":"product","link":"https:\/\/waterfalldz.com\/ar\/product\/cumulus-electrique-51l\/","title":{"rendered":"Cumulus \u00e9lectrique 51L"},"content":{"rendered":"<ul>\n<li class=\"\" data-start=\"62\" data-end=\"90\">\n<p class=\"\" data-start=\"64\" data-end=\"90\">S\u00e9lecteur de temp\u00e9rature;<\/p>\n<\/li>\n<li class=\"\" data-start=\"62\" data-end=\"90\">\n<p class=\"\" data-start=\"64\" data-end=\"90\">Capteur de temp\u00e9rature;<\/p>\n<\/li>\n<li class=\"\" data-start=\"118\" data-end=\"152\">\n<p class=\"\" data-start=\"120\" data-end=\"152\">Lampe t\u00e9moin de fonctionnement;<\/p>\n<\/li>\n<li class=\"\" data-start=\"118\" data-end=\"152\">\n<p class=\"\" data-start=\"120\" data-end=\"152\">R\u00e9servoir en ACIER \u00e9maill\u00e9 par quatre couches pour une dur\u00e9e de vie prolong\u00e9e;<\/p>\n<\/li>\n<li class=\"\" data-start=\"118\" data-end=\"152\">\n<p class=\"\" data-start=\"120\" data-end=\"152\">Prot\u00e8ge l\u2019int\u00e9rieur du r\u00e9servoir, maintient la pression en dessous de 8 bars et permet la vidange du r\u00e9servoir;<\/p>\n<\/li>\n<li>Thermoplongeur en cuivre \u00e9quip\u00e9 d\u2019une anode en magn\u00e9sium<\/li>\n<\/ul>","protected":false},"excerpt":{"rendered":"<div class=\"elementor-element elementor-element-2e49dd8b elementor-widget elementor-widget-woocommerce-product-short-description\" data-id=\"2e49dd8b\" data-element_type=\"widget\" data-widget_type=\"woocommerce-product-short-description.default\">\n<div class=\"elementor-widget-container\">\n<div class=\"woocommerce-product-details__short-description\">\n<p>Cumulus \u00e9lectrique 51L avec r\u00e9servoir en acier \u00e9maill\u00e9 4 couches, thermoplongeur en cuivre, anode en magn\u00e9sium et s\u00e9curit\u00e9 anti-pression \u00e0 8 bars pour une performance optimale.<\/p>\n<\/div>\n<\/div>\n<\/div>\n<div class=\"elementor-element elementor-element-6db092b4 elementor-widget elementor-widget-woocommerce-product-price\" data-id=\"6db092b4\" data-element_type=\"widget\" data-widget_type=\"woocommerce-product-price.default\">\n<div class=\"elementor-widget-container\"><\/div>\n<\/div>","protected":false},"featured_media":16395,"template":"","meta":[],"product_brand":[],"product_cat":[107],"product_tag":[],"class_list":{"0":"post-16394","1":"product","2":"type-product","3":"status-publish","4":"has-post-thumbnail","6":"product_cat-chauffage-central","8":"first","9":"instock","10":"shipping-taxable","11":"purchasable","12":"product-type-simple"},"jetpack_sharing_enabled":true,"_links":{"self":[{"href":"https:\/\/waterfalldz.com\/ar\/wp-json\/wp\/v2\/product\/16394","targetHints":{"allow":["GET"]}}],"collection":[{"href":"https:\/\/waterfalldz.com\/ar\/wp-json\/wp\/v2\/product"}],"about":[{"href":"https:\/\/waterfalldz.com\/ar\/wp-json\/wp\/v2\/types\/product"}],"version-history":[{"count":1,"href":"https:\/\/waterfalldz.com\/ar\/wp-json\/wp\/v2\/product\/16394\/revisions"}],"predecessor-version":[{"id":16396,"href":"https:\/\/waterfalldz.com\/ar\/wp-json\/wp\/v2\/product\/16394\/revisions\/16396"}],"wp:featuredmedia":[{"embeddable":true,"href":"https:\/\/waterfalldz.com\/ar\/wp-json\/wp\/v2\/media\/16395"}],"wp:attachment":[{"href":"https:\/\/waterfalldz.com\/ar\/wp-json\/wp\/v2\/media?parent=16394"}],"wp:term":[{"taxonomy":"product_brand","embeddable":true,"href":"https:\/\/waterfalldz.com\/ar\/wp-json\/wp\/v2\/product_brand?post=16394"},{"taxonomy":"product_cat","embeddable":true,"href":"https:\/\/waterfalldz.com\/ar\/wp-json\/wp\/v2\/product_cat?post=16394"},{"taxonomy":"product_tag","embeddable":true,"href":"https:\/\/waterfalldz.com\/ar\/wp-json\/wp\/v2\/product_tag?post=16394"}],"curies":[{"name":"wp","href":"https:\/\/api.w.org\/{rel}","templated":true}]}}