{"id":16381,"date":"2025-06-10T11:19:15","date_gmt":"2025-06-10T10:19:15","guid":{"rendered":"https:\/\/waterfalldz.com\/?post_type=product&#038;p=16381"},"modified":"2025-06-10T11:19:15","modified_gmt":"2025-06-10T10:19:15","slug":"chaudiere-sl-dl36","status":"publish","type":"product","link":"https:\/\/waterfalldz.com\/ar\/product\/chaudiere-sl-dl36\/","title":{"rendered":"Chaudi\u00e8re SL-DL36"},"content":{"rendered":"<table class=\"woocommerce-product-attributes shop_attributes\" aria-label=\"D\u00e9tails du produit\">\n<tbody>\n<tr class=\"woocommerce-product-attributes-item woocommerce-product-attributes-item--weight\">\n<th class=\"woocommerce-product-attributes-item__label\" scope=\"row\">Poids<\/th>\n<td class=\"woocommerce-product-attributes-item__value\">46 kg<\/td>\n<\/tr>\n<tr class=\"woocommerce-product-attributes-item woocommerce-product-attributes-item--dimensions\">\n<th class=\"woocommerce-product-attributes-item__label\" scope=\"row\">Dimensions<\/th>\n<td class=\"woocommerce-product-attributes-item__value\">82 \u00d7 47 \u00d7 42 cm<\/td>\n<\/tr>\n<tr class=\"woocommerce-product-attributes-item woocommerce-product-attributes-item--attribute_%c3%a9nergie\">\n<th class=\"woocommerce-product-attributes-item__label\" scope=\"row\">\u00c9nergie<\/th>\n<td class=\"woocommerce-product-attributes-item__value\">gaz naturel<\/td>\n<\/tr>\n<tr class=\"woocommerce-product-attributes-item woocommerce-product-attributes-item--attribute_puissance-kw\">\n<th class=\"woocommerce-product-attributes-item__label\" scope=\"row\">Puissance (Kw)<\/th>\n<td class=\"woocommerce-product-attributes-item__value\">36<\/td>\n<\/tr>\n<tr class=\"woocommerce-product-attributes-item woocommerce-product-attributes-item--attribute_capacit%c3%a9-l\">\n<th class=\"woocommerce-product-attributes-item__label\" scope=\"row\">Capacit\u00e9 (L)<\/th>\n<td class=\"woocommerce-product-attributes-item__value\">18<\/td>\n<\/tr>\n<tr class=\"woocommerce-product-attributes-item woocommerce-product-attributes-item--attribute_accessoires\">\n<th class=\"woocommerce-product-attributes-item__label\" scope=\"row\">Accessoires<\/th>\n<td class=\"woocommerce-product-attributes-item__value\">Conduit d&rsquo;\u00e9chappement + Filtre magn\u00e9tique + Prise de protection<\/td>\n<\/tr>\n<tr class=\"woocommerce-product-attributes-item woocommerce-product-attributes-item--attribute_garantie\">\n<th class=\"woocommerce-product-attributes-item__label\" scope=\"row\">Garantie<\/th>\n<td class=\"woocommerce-product-attributes-item__value\">2 ans<\/td>\n<\/tr>\n<\/tbody>\n<\/table>","protected":false},"excerpt":{"rendered":"<p>Poids 46 kg Dimensions 82 \u00d7 47 \u00d7 42 cm \u00c9nergie gaz naturel Puissance (Kw) 36 Capacit\u00e9 (L) 18 Accessoires<\/p>","protected":false},"featured_media":16382,"template":"","meta":[],"product_brand":[],"product_cat":[107],"product_tag":[],"class_list":{"0":"post-16381","1":"product","2":"type-product","3":"status-publish","4":"has-post-thumbnail","6":"product_cat-chauffage-central","8":"first","9":"instock","10":"shipping-taxable","11":"purchasable","12":"product-type-simple"},"jetpack_sharing_enabled":true,"_links":{"self":[{"href":"https:\/\/waterfalldz.com\/ar\/wp-json\/wp\/v2\/product\/16381","targetHints":{"allow":["GET"]}}],"collection":[{"href":"https:\/\/waterfalldz.com\/ar\/wp-json\/wp\/v2\/product"}],"about":[{"href":"https:\/\/waterfalldz.com\/ar\/wp-json\/wp\/v2\/types\/product"}],"version-history":[{"count":1,"href":"https:\/\/waterfalldz.com\/ar\/wp-json\/wp\/v2\/product\/16381\/revisions"}],"predecessor-version":[{"id":16383,"href":"https:\/\/waterfalldz.com\/ar\/wp-json\/wp\/v2\/product\/16381\/revisions\/16383"}],"wp:featuredmedia":[{"embeddable":true,"href":"https:\/\/waterfalldz.com\/ar\/wp-json\/wp\/v2\/media\/16382"}],"wp:attachment":[{"href":"https:\/\/waterfalldz.com\/ar\/wp-json\/wp\/v2\/media?parent=16381"}],"wp:term":[{"taxonomy":"product_brand","embeddable":true,"href":"https:\/\/waterfalldz.com\/ar\/wp-json\/wp\/v2\/product_brand?post=16381"},{"taxonomy":"product_cat","embeddable":true,"href":"https:\/\/waterfalldz.com\/ar\/wp-json\/wp\/v2\/product_cat?post=16381"},{"taxonomy":"product_tag","embeddable":true,"href":"https:\/\/waterfalldz.com\/ar\/wp-json\/wp\/v2\/product_tag?post=16381"}],"curies":[{"name":"wp","href":"https:\/\/api.w.org\/{rel}","templated":true}]}}