{"id":16312,"date":"2025-06-05T20:56:34","date_gmt":"2025-06-05T19:56:34","guid":{"rendered":"https:\/\/waterfalldz.com\/?post_type=product&#038;p=16312"},"modified":"2025-06-05T20:56:34","modified_gmt":"2025-06-05T19:56:34","slug":"mitigeur-lavabo-tulip","status":"publish","type":"product","link":"https:\/\/waterfalldz.com\/ar\/product\/mitigeur-lavabo-tulip\/","title":{"rendered":"Mitigeur Lavabo Tulip"},"content":{"rendered":"<section class=\"elementor-section elementor-top-section elementor-element elementor-element-2b4f92e9 elementor-section-full_width elementor-section-height-default elementor-section-height-default\" data-id=\"2b4f92e9\" data-element_type=\"section\">\n<div class=\"elementor-container elementor-column-gap-no\">\n<div class=\"elementor-column elementor-col-100 elementor-top-column elementor-element elementor-element-3ce4db4a\" data-id=\"3ce4db4a\" data-element_type=\"column\">\n<div class=\"elementor-widget-wrap elementor-element-populated\">\n<div class=\"elementor-element elementor-element-61b0d093 tabs-top-align-left elementor-position-left tabs-accordion-align-left wc-product-info-yes elementor-widget elementor-widget-the7-woocommerce-product-data-tabs\" data-id=\"61b0d093\" data-element_type=\"widget\" data-widget_type=\"the7-woocommerce-product-data-tabs.default\">\n<div class=\"elementor-widget-container\">\n<div class=\"the7-elementor-product-simple the7-elementor-widget elementor-widget-tabs elementor-tabs dt-tabs-view-horizontal dt-tabs-view-tablet- dt-tabs-view-mobile-accordion    the7-woocommerce-product-data-tabs-61b0d093\">\n<div class=\"woocommerce-tabs wc-tabs-wrapper\">\n<div id=\"tab-description\" class=\"woocommerce-Tabs-panel woocommerce-Tabs-panel--description panel entry-content wc-tab\" role=\"tabpanel\" aria-labelledby=\"tab-title-description\">\n<p>Le mitigeur lavabo Tulip ajoute une touche d\u2019\u00e9l\u00e9gance \u00e0 votre salle de bain. Avec un poids de 1,452 kg et des dimensions de 173 \u00d7 172 \u00d7 117 cm, il offre un design moderne et fonctionnel. Fabriqu\u00e9 avec un corps en laiton et une manette en alliage de zinc, il assure durabilit\u00e9 et r\u00e9sistance \u00e0 la corrosion. Conforme aux normes NF EN 200, NF EN 877 et NF EN 1503-4, ce mitigeur est \u00e9quip\u00e9 de composants de haute qualit\u00e9 pour une utilisation fiable. Garantie de 5 ans incluse.<\/p>\n<\/div>\n<\/div>\n<\/div>\n<\/div>\n<\/div>\n<\/div>\n<\/div>\n<\/div>\n<\/section>\n<section class=\"elementor-section elementor-top-section elementor-element elementor-element-2d0eeb0 elementor-section-boxed elementor-section-height-default elementor-section-height-default\" data-id=\"2d0eeb0\" data-element_type=\"section\">\n<div class=\"elementor-container elementor-column-gap-default\">\n<div class=\"elementor-column elementor-col-100 elementor-top-column elementor-element elementor-element-2cb50db9\" data-id=\"2cb50db9\" data-element_type=\"column\">\n<div class=\"elementor-widget-wrap elementor-element-populated\">\n<div class=\"elementor-element elementor-element-80fedea variations-visible-n layout-content_below_img btn-position-below_image arrows-relative-to-box_area preserve-img-ratio-cover icon-visibility-y bullets-small-dot-stroke elementor-widget elementor-widget-the7-wc-products-carousel\" data-id=\"80fedea\" data-element_type=\"widget\" data-settings=\"{&quot;widget_columns&quot;:5,&quot;widget_columns_tablet&quot;:2,&quot;widget_columns_mobile&quot;:1,&quot;gap_between_posts&quot;:{&quot;unit&quot;:&quot;px&quot;,&quot;size&quot;:40,&quot;sizes&quot;:[]},&quot;gap_between_posts_tablet&quot;:{&quot;unit&quot;:&quot;px&quot;,&quot;size&quot;:&quot;&quot;,&quot;sizes&quot;:[]},&quot;gap_between_posts_mobile&quot;:{&quot;unit&quot;:&quot;px&quot;,&quot;size&quot;:&quot;&quot;,&quot;sizes&quot;:[]},&quot;show_variations&quot;:&quot;n&quot;,&quot;show_add_to_cart&quot;:&quot;y&quot;}\" data-widget_type=\"the7-wc-products-carousel.default\">\n<div class=\"elementor-widget-container\">\n<div class=\"products-shortcode the7-elementor-widget loading-effect-none the7-wc-products-carousel-80fedea cart-btn-below-img wc-img-hover\"><\/div>\n<\/div>\n<\/div>\n<\/div>\n<\/div>\n<\/div>\n<\/section>","protected":false},"excerpt":{"rendered":"<div class=\"elementor-element elementor-element-2e49dd8b elementor-widget elementor-widget-woocommerce-product-short-description\" data-id=\"2e49dd8b\" data-element_type=\"widget\" data-widget_type=\"woocommerce-product-short-description.default\">\n<div class=\"elementor-widget-container\">\n<div class=\"woocommerce-product-details__short-description\">\n<p>Mitigeur lavabo Tulip, poids 1,452 kg. Design moderne, composants de haute qualit\u00e9. Garantie 5 ans.<\/p>\n<\/div>\n<\/div>\n<\/div>\n<div class=\"elementor-element elementor-element-6db092b4 elementor-widget elementor-widget-woocommerce-product-price\" data-id=\"6db092b4\" data-element_type=\"widget\" data-widget_type=\"woocommerce-product-price.default\">\n<div class=\"elementor-widget-container\"><\/div>\n<\/div>","protected":false},"featured_media":16313,"template":"","meta":[],"product_brand":[],"product_cat":[116],"product_tag":[],"class_list":{"0":"post-16312","1":"product","2":"type-product","3":"status-publish","4":"has-post-thumbnail","6":"product_cat-energical-mitigeur","8":"first","9":"instock","10":"shipping-taxable","11":"purchasable","12":"product-type-simple"},"jetpack_sharing_enabled":true,"_links":{"self":[{"href":"https:\/\/waterfalldz.com\/ar\/wp-json\/wp\/v2\/product\/16312","targetHints":{"allow":["GET"]}}],"collection":[{"href":"https:\/\/waterfalldz.com\/ar\/wp-json\/wp\/v2\/product"}],"about":[{"href":"https:\/\/waterfalldz.com\/ar\/wp-json\/wp\/v2\/types\/product"}],"version-history":[{"count":1,"href":"https:\/\/waterfalldz.com\/ar\/wp-json\/wp\/v2\/product\/16312\/revisions"}],"predecessor-version":[{"id":16314,"href":"https:\/\/waterfalldz.com\/ar\/wp-json\/wp\/v2\/product\/16312\/revisions\/16314"}],"wp:featuredmedia":[{"embeddable":true,"href":"https:\/\/waterfalldz.com\/ar\/wp-json\/wp\/v2\/media\/16313"}],"wp:attachment":[{"href":"https:\/\/waterfalldz.com\/ar\/wp-json\/wp\/v2\/media?parent=16312"}],"wp:term":[{"taxonomy":"product_brand","embeddable":true,"href":"https:\/\/waterfalldz.com\/ar\/wp-json\/wp\/v2\/product_brand?post=16312"},{"taxonomy":"product_cat","embeddable":true,"href":"https:\/\/waterfalldz.com\/ar\/wp-json\/wp\/v2\/product_cat?post=16312"},{"taxonomy":"product_tag","embeddable":true,"href":"https:\/\/waterfalldz.com\/ar\/wp-json\/wp\/v2\/product_tag?post=16312"}],"curies":[{"name":"wp","href":"https:\/\/api.w.org\/{rel}","templated":true}]}}