{"id":16291,"date":"2025-06-05T13:34:05","date_gmt":"2025-06-05T12:34:05","guid":{"rendered":"https:\/\/waterfalldz.com\/?post_type=product&#038;p=16291"},"modified":"2025-06-05T13:34:05","modified_gmt":"2025-06-05T12:34:05","slug":"mitigeur-amen-douche","status":"publish","type":"product","link":"https:\/\/waterfalldz.com\/ar\/product\/mitigeur-amen-douche\/","title":{"rendered":"Mitigeur Amen Douche"},"content":{"rendered":"<table class=\"woocommerce-product-attributes shop_attributes\" aria-label=\"D\u00e9tails du produit\">\n<tbody>\n<tr class=\"woocommerce-product-attributes-item woocommerce-product-attributes-item--weight\">\n<th class=\"woocommerce-product-attributes-item__label\" scope=\"row\">Poids<\/th>\n<td class=\"woocommerce-product-attributes-item__value\">0,642 kg<\/td>\n<\/tr>\n<tr class=\"woocommerce-product-attributes-item woocommerce-product-attributes-item--dimensions\">\n<th class=\"woocommerce-product-attributes-item__label\" scope=\"row\">Dimensions<\/th>\n<td class=\"woocommerce-product-attributes-item__value\">20 \u00d7 24,9 \u00d7 13,5 cm<\/td>\n<\/tr>\n<tr class=\"woocommerce-product-attributes-item woocommerce-product-attributes-item--attribute_apparence\">\n<th class=\"woocommerce-product-attributes-item__label\" scope=\"row\">Apparence<\/th>\n<td class=\"woocommerce-product-attributes-item__value\">Chrom\u00e9<\/td>\n<\/tr>\n<tr class=\"woocommerce-product-attributes-item woocommerce-product-attributes-item--attribute_exigences-de-la-mati%c3%a8re\">\n<th class=\"woocommerce-product-attributes-item__label\" scope=\"row\">Exigences de la mati\u00e8re:<\/th>\n<td class=\"woocommerce-product-attributes-item__value\">Le corps en laiton, La manette en alliage du zinc.<\/td>\n<\/tr>\n<tr class=\"woocommerce-product-attributes-item woocommerce-product-attributes-item--attribute_exigences-techniques-requises\">\n<th class=\"woocommerce-product-attributes-item__label\" scope=\"row\">Exigences techniques requises<\/th>\n<td class=\"woocommerce-product-attributes-item__value\">Triple couche de protection, Flexible G1\/2, EPDM (Norme alimentaire).<\/td>\n<\/tr>\n<tr class=\"woocommerce-product-attributes-item woocommerce-product-attributes-item--attribute_norme-de-r%c3%a9f%c3%a9rence\">\n<th class=\"woocommerce-product-attributes-item__label\" scope=\"row\">Norme de r\u00e9f\u00e9rence<\/th>\n<td class=\"woocommerce-product-attributes-item__value\">NF EN 200 (Robinets simples et m\u00e9langeurs)., NF EN 877 (Mitigeurs m\u00e9caniques)., NF EN 1503-4.<\/td>\n<\/tr>\n<tr class=\"woocommerce-product-attributes-item woocommerce-product-attributes-item--attribute_exigences-d%e2%80%99inscription-ind%c3%a9l%c3%a9bile-et-visible\">\n<th class=\"woocommerce-product-attributes-item__label\" scope=\"row\">Exigences d\u2019inscription (ind\u00e9l\u00e9bile et visible):<\/th>\n<td class=\"woocommerce-product-attributes-item__value\">Nom ou initiale de l\u2019organisme., Date de fabrication ou code calendaire.<\/td>\n<\/tr>\n<tr class=\"woocommerce-product-attributes-item woocommerce-product-attributes-item--attribute_garantie\">\n<th class=\"woocommerce-product-attributes-item__label\" scope=\"row\">Garantie<\/th>\n<td class=\"woocommerce-product-attributes-item__value\">5 ans<\/td>\n<\/tr>\n<\/tbody>\n<\/table>","protected":false},"excerpt":{"rendered":"<p>Poids 0,642 kg Dimensions 20 \u00d7 24,9 \u00d7 13,5 cm Apparence Chrom\u00e9 Exigences de la mati\u00e8re: Le corps en laiton,<\/p>","protected":false},"featured_media":16292,"template":"","meta":[],"product_brand":[],"product_cat":[116],"product_tag":[],"class_list":{"0":"post-16291","1":"product","2":"type-product","3":"status-publish","4":"has-post-thumbnail","6":"product_cat-energical-mitigeur","8":"first","9":"instock","10":"shipping-taxable","11":"purchasable","12":"product-type-simple"},"jetpack_sharing_enabled":true,"_links":{"self":[{"href":"https:\/\/waterfalldz.com\/ar\/wp-json\/wp\/v2\/product\/16291","targetHints":{"allow":["GET"]}}],"collection":[{"href":"https:\/\/waterfalldz.com\/ar\/wp-json\/wp\/v2\/product"}],"about":[{"href":"https:\/\/waterfalldz.com\/ar\/wp-json\/wp\/v2\/types\/product"}],"version-history":[{"count":1,"href":"https:\/\/waterfalldz.com\/ar\/wp-json\/wp\/v2\/product\/16291\/revisions"}],"predecessor-version":[{"id":16293,"href":"https:\/\/waterfalldz.com\/ar\/wp-json\/wp\/v2\/product\/16291\/revisions\/16293"}],"wp:featuredmedia":[{"embeddable":true,"href":"https:\/\/waterfalldz.com\/ar\/wp-json\/wp\/v2\/media\/16292"}],"wp:attachment":[{"href":"https:\/\/waterfalldz.com\/ar\/wp-json\/wp\/v2\/media?parent=16291"}],"wp:term":[{"taxonomy":"product_brand","embeddable":true,"href":"https:\/\/waterfalldz.com\/ar\/wp-json\/wp\/v2\/product_brand?post=16291"},{"taxonomy":"product_cat","embeddable":true,"href":"https:\/\/waterfalldz.com\/ar\/wp-json\/wp\/v2\/product_cat?post=16291"},{"taxonomy":"product_tag","embeddable":true,"href":"https:\/\/waterfalldz.com\/ar\/wp-json\/wp\/v2\/product_tag?post=16291"}],"curies":[{"name":"wp","href":"https:\/\/api.w.org\/{rel}","templated":true}]}}