{"id":16285,"date":"2025-06-05T13:26:17","date_gmt":"2025-06-05T12:26:17","guid":{"rendered":"https:\/\/waterfalldz.com\/?post_type=product&#038;p=16285"},"modified":"2025-06-05T13:26:17","modified_gmt":"2025-06-05T12:26:17","slug":"mitigeur-a-capteur-automatique","status":"publish","type":"product","link":"https:\/\/waterfalldz.com\/ar\/product\/mitigeur-a-capteur-automatique\/","title":{"rendered":"Mitigeur \u00e0 capteur automatique"},"content":{"rendered":"<div class=\"elementor-element elementor-element-2e49dd8b elementor-widget elementor-widget-woocommerce-product-short-description\" data-id=\"2e49dd8b\" data-element_type=\"widget\" data-widget_type=\"woocommerce-product-short-description.default\">\n<div class=\"elementor-widget-container\">\n<div class=\"woocommerce-product-details__short-description\">\n<p>Le mitigeur \u00e0 capteur automatique offre une exp\u00e9rience pratique et hygi\u00e9nique. Aliment\u00e9 par piles ou secteur, l\u00e9ger et facile \u00e0 installer.<\/p>\n<\/div>\n<\/div>\n<\/div>\n<div class=\"elementor-element elementor-element-6db092b4 elementor-widget elementor-widget-woocommerce-product-price\" data-id=\"6db092b4\" data-element_type=\"widget\" data-widget_type=\"woocommerce-product-price.default\">\n<div class=\"elementor-widget-container\"><\/div>\n<\/div>","protected":false},"excerpt":{"rendered":"<p>Le mitigeur \u00e0 capteur automatique offre une exp\u00e9rience pratique et hygi\u00e9nique. Aliment\u00e9 par piles ou secteur, l\u00e9ger et facile \u00e0<\/p>","protected":false},"featured_media":16286,"template":"","meta":[],"product_brand":[],"product_cat":[116],"product_tag":[],"class_list":{"0":"post-16285","1":"product","2":"type-product","3":"status-publish","4":"has-post-thumbnail","6":"product_cat-energical-mitigeur","8":"first","9":"instock","10":"shipping-taxable","11":"purchasable","12":"product-type-simple"},"jetpack_sharing_enabled":true,"_links":{"self":[{"href":"https:\/\/waterfalldz.com\/ar\/wp-json\/wp\/v2\/product\/16285","targetHints":{"allow":["GET"]}}],"collection":[{"href":"https:\/\/waterfalldz.com\/ar\/wp-json\/wp\/v2\/product"}],"about":[{"href":"https:\/\/waterfalldz.com\/ar\/wp-json\/wp\/v2\/types\/product"}],"version-history":[{"count":1,"href":"https:\/\/waterfalldz.com\/ar\/wp-json\/wp\/v2\/product\/16285\/revisions"}],"predecessor-version":[{"id":16290,"href":"https:\/\/waterfalldz.com\/ar\/wp-json\/wp\/v2\/product\/16285\/revisions\/16290"}],"wp:featuredmedia":[{"embeddable":true,"href":"https:\/\/waterfalldz.com\/ar\/wp-json\/wp\/v2\/media\/16286"}],"wp:attachment":[{"href":"https:\/\/waterfalldz.com\/ar\/wp-json\/wp\/v2\/media?parent=16285"}],"wp:term":[{"taxonomy":"product_brand","embeddable":true,"href":"https:\/\/waterfalldz.com\/ar\/wp-json\/wp\/v2\/product_brand?post=16285"},{"taxonomy":"product_cat","embeddable":true,"href":"https:\/\/waterfalldz.com\/ar\/wp-json\/wp\/v2\/product_cat?post=16285"},{"taxonomy":"product_tag","embeddable":true,"href":"https:\/\/waterfalldz.com\/ar\/wp-json\/wp\/v2\/product_tag?post=16285"}],"curies":[{"name":"wp","href":"https:\/\/api.w.org\/{rel}","templated":true}]}}