{"id":16267,"date":"2025-06-04T21:25:39","date_gmt":"2025-06-04T20:25:39","guid":{"rendered":"https:\/\/waterfalldz.com\/?post_type=product&#038;p=16267"},"modified":"2025-06-05T12:59:53","modified_gmt":"2025-06-05T11:59:53","slug":"mitigeur-cuisine-razy","status":"publish","type":"product","link":"https:\/\/waterfalldz.com\/ar\/product\/mitigeur-cuisine-razy\/","title":{"rendered":"Mitigeur Cuisine Razy"},"content":{"rendered":"<div class=\"elementor-element elementor-element-2e49dd8b elementor-widget elementor-widget-woocommerce-product-short-description\" data-id=\"2e49dd8b\" data-element_type=\"widget\" data-widget_type=\"woocommerce-product-short-description.default\">\n<div class=\"elementor-widget-container\">\n<div class=\"woocommerce-product-details__short-description\">\n<p>Mitigeur Cuisine Razy en laiton chrom\u00e9, 1,26 kg. Robuste, r\u00e9sistant \u00e0 la corrosion. Garantie 5 ans.<\/p>\n<\/div>\n<\/div>\n<\/div>\n<div class=\"elementor-element elementor-element-6db092b4 elementor-widget elementor-widget-woocommerce-product-price\" data-id=\"6db092b4\" data-element_type=\"widget\" data-widget_type=\"woocommerce-product-price.default\">\n<div class=\"elementor-widget-container\"><\/div>\n<\/div>","protected":false},"excerpt":{"rendered":"<p>Mitigeur Cuisine Razy en laiton chrom\u00e9, 1,26 kg. Robuste, r\u00e9sistant \u00e0 la corrosion. Garantie 5 ans.<\/p>","protected":false},"featured_media":16268,"template":"","meta":[],"product_brand":[],"product_cat":[116],"product_tag":[],"class_list":{"0":"post-16267","1":"product","2":"type-product","3":"status-publish","4":"has-post-thumbnail","6":"product_cat-energical-mitigeur","8":"first","9":"instock","10":"shipping-taxable","11":"purchasable","12":"product-type-simple"},"jetpack_sharing_enabled":true,"_links":{"self":[{"href":"https:\/\/waterfalldz.com\/ar\/wp-json\/wp\/v2\/product\/16267","targetHints":{"allow":["GET"]}}],"collection":[{"href":"https:\/\/waterfalldz.com\/ar\/wp-json\/wp\/v2\/product"}],"about":[{"href":"https:\/\/waterfalldz.com\/ar\/wp-json\/wp\/v2\/types\/product"}],"version-history":[{"count":1,"href":"https:\/\/waterfalldz.com\/ar\/wp-json\/wp\/v2\/product\/16267\/revisions"}],"predecessor-version":[{"id":16269,"href":"https:\/\/waterfalldz.com\/ar\/wp-json\/wp\/v2\/product\/16267\/revisions\/16269"}],"wp:featuredmedia":[{"embeddable":true,"href":"https:\/\/waterfalldz.com\/ar\/wp-json\/wp\/v2\/media\/16268"}],"wp:attachment":[{"href":"https:\/\/waterfalldz.com\/ar\/wp-json\/wp\/v2\/media?parent=16267"}],"wp:term":[{"taxonomy":"product_brand","embeddable":true,"href":"https:\/\/waterfalldz.com\/ar\/wp-json\/wp\/v2\/product_brand?post=16267"},{"taxonomy":"product_cat","embeddable":true,"href":"https:\/\/waterfalldz.com\/ar\/wp-json\/wp\/v2\/product_cat?post=16267"},{"taxonomy":"product_tag","embeddable":true,"href":"https:\/\/waterfalldz.com\/ar\/wp-json\/wp\/v2\/product_tag?post=16267"}],"curies":[{"name":"wp","href":"https:\/\/api.w.org\/{rel}","templated":true}]}}