{"id":16246,"date":"2025-06-04T19:18:33","date_gmt":"2025-06-04T18:18:33","guid":{"rendered":"https:\/\/waterfalldz.com\/?post_type=product&#038;p=16246"},"modified":"2025-06-04T19:25:12","modified_gmt":"2025-06-04T18:25:12","slug":"mitigeur-amen-lavabo","status":"publish","type":"product","link":"https:\/\/waterfalldz.com\/ar\/product\/mitigeur-amen-lavabo\/","title":{"rendered":"Mitigeur amen lavabo"},"content":{"rendered":"<p>&nbsp;<\/p>\n<table class=\"woocommerce-product-attributes shop_attributes\" aria-label=\"D\u00e9tails du produit\">\n<tbody>\n<tr class=\"woocommerce-product-attributes-item woocommerce-product-attributes-item--weight\">\n<th class=\"woocommerce-product-attributes-item__label\" scope=\"row\">Poids<\/th>\n<td class=\"woocommerce-product-attributes-item__value\">0,968 kg<\/td>\n<\/tr>\n<tr class=\"woocommerce-product-attributes-item woocommerce-product-attributes-item--dimensions\">\n<th class=\"woocommerce-product-attributes-item__label\" scope=\"row\">Dimensions<\/th>\n<td class=\"woocommerce-product-attributes-item__value\">173 \u00d7 172 \u00d7 117 cm<\/td>\n<\/tr>\n<tr class=\"woocommerce-product-attributes-item woocommerce-product-attributes-item--attribute_apparence\">\n<th class=\"woocommerce-product-attributes-item__label\" scope=\"row\">Apparence<\/th>\n<td class=\"woocommerce-product-attributes-item__value\">Chrom\u00e9<\/td>\n<\/tr>\n<tr class=\"woocommerce-product-attributes-item woocommerce-product-attributes-item--attribute_exigences-de-la-mati%c3%a8re\">\n<th class=\"woocommerce-product-attributes-item__label\" scope=\"row\">\n<h5>Exigences de la mati\u00e8re:<\/h5>\n<\/th>\n<td class=\"woocommerce-product-attributes-item__value\">Le corps en laiton, La manette en alliage du zinc.<\/td>\n<\/tr>\n<tr class=\"woocommerce-product-attributes-item woocommerce-product-attributes-item--attribute_exigences-techniques-requises\">\n<th class=\"woocommerce-product-attributes-item__label\" scope=\"row\">Exigences techniques requises<\/th>\n<td class=\"woocommerce-product-attributes-item__value\">Triple couche de protection, Flexible G1\/2, EPDM (Norme alimentaire).<\/td>\n<\/tr>\n<tr class=\"woocommerce-product-attributes-item woocommerce-product-attributes-item--attribute_norme-de-r%c3%a9f%c3%a9rence\">\n<th class=\"woocommerce-product-attributes-item__label\" scope=\"row\">Norme de r\u00e9f\u00e9rence<\/th>\n<td class=\"woocommerce-product-attributes-item__value\">NF EN 200 (Robinets simples et m\u00e9langeurs)., NF EN 877 (Mitigeurs m\u00e9caniques)., NF EN 1503-4.<\/td>\n<\/tr>\n<tr class=\"woocommerce-product-attributes-item woocommerce-product-attributes-item--attribute_exigences-d%e2%80%99inscription-ind%c3%a9l%c3%a9bile-et-visible\">\n<th class=\"woocommerce-product-attributes-item__label\" scope=\"row\">Exigences d\u2019inscription (ind\u00e9l\u00e9bile et visible):<\/th>\n<td class=\"woocommerce-product-attributes-item__value\">Nom ou initiale de l\u2019organisme., Date de fabrication ou code calendaire.<\/td>\n<\/tr>\n<tr class=\"woocommerce-product-attributes-item woocommerce-product-attributes-item--attribute_garantie\">\n<th class=\"woocommerce-product-attributes-item__label\" scope=\"row\">Garantie<\/th>\n<td class=\"woocommerce-product-attributes-item__value\">5 ans<\/td>\n<\/tr>\n<\/tbody>\n<\/table>\n<p>&nbsp;<\/p>","protected":false},"excerpt":{"rendered":"<p>&nbsp; Poids 0,968 kg Dimensions 173 \u00d7 172 \u00d7 117 cm Apparence Chrom\u00e9 Exigences de la mati\u00e8re: Le corps en<\/p>","protected":false},"featured_media":16247,"template":"","meta":[],"product_brand":[],"product_cat":[116],"product_tag":[],"class_list":{"0":"post-16246","1":"product","2":"type-product","3":"status-publish","4":"has-post-thumbnail","6":"product_cat-energical-mitigeur","8":"first","9":"instock","10":"shipping-taxable","11":"purchasable","12":"product-type-simple"},"jetpack_sharing_enabled":true,"_links":{"self":[{"href":"https:\/\/waterfalldz.com\/ar\/wp-json\/wp\/v2\/product\/16246","targetHints":{"allow":["GET"]}}],"collection":[{"href":"https:\/\/waterfalldz.com\/ar\/wp-json\/wp\/v2\/product"}],"about":[{"href":"https:\/\/waterfalldz.com\/ar\/wp-json\/wp\/v2\/types\/product"}],"version-history":[{"count":1,"href":"https:\/\/waterfalldz.com\/ar\/wp-json\/wp\/v2\/product\/16246\/revisions"}],"predecessor-version":[{"id":16248,"href":"https:\/\/waterfalldz.com\/ar\/wp-json\/wp\/v2\/product\/16246\/revisions\/16248"}],"wp:featuredmedia":[{"embeddable":true,"href":"https:\/\/waterfalldz.com\/ar\/wp-json\/wp\/v2\/media\/16247"}],"wp:attachment":[{"href":"https:\/\/waterfalldz.com\/ar\/wp-json\/wp\/v2\/media?parent=16246"}],"wp:term":[{"taxonomy":"product_brand","embeddable":true,"href":"https:\/\/waterfalldz.com\/ar\/wp-json\/wp\/v2\/product_brand?post=16246"},{"taxonomy":"product_cat","embeddable":true,"href":"https:\/\/waterfalldz.com\/ar\/wp-json\/wp\/v2\/product_cat?post=16246"},{"taxonomy":"product_tag","embeddable":true,"href":"https:\/\/waterfalldz.com\/ar\/wp-json\/wp\/v2\/product_tag?post=16246"}],"curies":[{"name":"wp","href":"https:\/\/api.w.org\/{rel}","templated":true}]}}