{"id":16214,"date":"2025-05-19T22:27:36","date_gmt":"2025-05-19T21:27:36","guid":{"rendered":"https:\/\/waterfalldz.com\/?post_type=product&#038;p=16214"},"modified":"2025-05-19T22:27:36","modified_gmt":"2025-05-19T21:27:36","slug":"pprc-adara-modele-1","status":"publish","type":"product","link":"https:\/\/waterfalldz.com\/ar\/product\/pprc-adara-modele-1\/","title":{"rendered":"PPRC ADARA MODELE 1"},"content":{"rendered":"<h4 class=\"\" data-start=\"634\" data-end=\"670\">\u2705 Caract\u00e9ristiques techniques :<\/h4>\n<ul data-start=\"671\" data-end=\"988\">\n<li class=\"\" data-start=\"671\" data-end=\"729\">\n<p class=\"\" data-start=\"673\" data-end=\"729\"><strong data-start=\"673\" data-end=\"685\">Mat\u00e9riau<\/strong> : Polypropyl\u00e8ne al\u00e9atoire de type 3 (PPR-C)<\/p>\n<\/li>\n<li class=\"\" data-start=\"730\" data-end=\"772\">\n<p class=\"\" data-start=\"732\" data-end=\"772\"><strong data-start=\"732\" data-end=\"756\">Plage de temp\u00e9rature<\/strong> : -20\u00b0C \u00e0 +95\u00b0C<\/p>\n<\/li>\n<li class=\"\" data-start=\"773\" data-end=\"816\">\n<p class=\"\" data-start=\"775\" data-end=\"816\"><strong data-start=\"775\" data-end=\"798\">Pression de service<\/strong> : Jusqu\u2019\u00e0 20 bars<\/p>\n<\/li>\n<li class=\"\" data-start=\"817\" data-end=\"864\">\n<p class=\"\" data-start=\"819\" data-end=\"864\"><strong data-start=\"819\" data-end=\"844\">Diam\u00e8tres disponibles<\/strong> : De 20 mm \u00e0 110 mm<\/p>\n<\/li>\n<li class=\"\" data-start=\"865\" data-end=\"943\">\n<p class=\"\" data-start=\"867\" data-end=\"943\"><strong data-start=\"867\" data-end=\"877\">Normes<\/strong> : Conforme aux standards internationaux ISO 15874 \/ DIN 8077-8078<\/p>\n<\/li>\n<li class=\"\" data-start=\"944\" data-end=\"988\">\n<p class=\"\" data-start=\"946\" data-end=\"988\"><strong data-start=\"946\" data-end=\"957\">Couleur<\/strong> : Vert \/ Gris <em data-start=\"972\" data-end=\"988\">(selon mod\u00e8le)<\/em><\/p>\n<\/li>\n<\/ul>\n<h4 class=\"\" data-start=\"990\" data-end=\"1009\">\ud83c\udf1f Avantages :<\/h4>\n<ul data-start=\"1010\" data-end=\"1271\">\n<li class=\"\" data-start=\"1010\" data-end=\"1052\">\n<p class=\"\" data-start=\"1012\" data-end=\"1052\">Parfaite \u00e9tanch\u00e9it\u00e9 sans risque de fuite<\/p>\n<\/li>\n<li class=\"\" data-start=\"1053\" data-end=\"1093\">\n<p class=\"\" data-start=\"1055\" data-end=\"1093\">Haute r\u00e9sistance chimique et thermique<\/p>\n<\/li>\n<li class=\"\" data-start=\"1094\" data-end=\"1132\">\n<p class=\"\" data-start=\"1096\" data-end=\"1132\">Longue dur\u00e9e de vie (jusqu\u2019\u00e0 50 ans)<\/p>\n<\/li>\n<li class=\"\" data-start=\"1133\" data-end=\"1171\">\n<p class=\"\" data-start=\"1135\" data-end=\"1171\">Installation rapide par thermofusion<\/p>\n<\/li>\n<li class=\"\" data-start=\"1172\" data-end=\"1271\">\n<p class=\"\" data-start=\"1174\" data-end=\"1271\">Id\u00e9al pour r\u00e9seaux d\u2019eau potable, syst\u00e8mes de chauffage, installations industrielles et agricoles<\/p>\n<\/li>\n<\/ul>\n<h4 class=\"\" data-start=\"1273\" data-end=\"1295\">\ud83d\udce6 Applications :<\/h4>\n<ul data-start=\"1296\" data-end=\"1470\">\n<li class=\"\" data-start=\"1296\" data-end=\"1334\">\n<p class=\"\" data-start=\"1298\" data-end=\"1334\">Plomberie domestique et collective<\/p>\n<\/li>\n<li class=\"\" data-start=\"1335\" data-end=\"1369\">\n<p class=\"\" data-start=\"1337\" data-end=\"1369\">R\u00e9seaux d\u2019eau chaude et froide<\/p>\n<\/li>\n<li class=\"\" data-start=\"1370\" data-end=\"1403\">\n<p class=\"\" data-start=\"1372\" data-end=\"1403\">Syst\u00e8mes de chauffage central<\/p>\n<\/li>\n<li class=\"\" data-start=\"1404\" data-end=\"1470\">\n<p class=\"\" data-start=\"1406\" data-end=\"1470\">Installations dans les h\u00f4pitaux, h\u00f4tels et b\u00e2timents industriels<\/p>\n<\/li>\n<\/ul>\n<hr class=\"\" data-start=\"1472\" data-end=\"1475\" \/>\n<p class=\"\" data-start=\"1477\" data-end=\"1597\">","protected":false},"excerpt":{"rendered":"<p>\u2705 Caract\u00e9ristiques techniques : Mat\u00e9riau : Polypropyl\u00e8ne al\u00e9atoire de type 3 (PPR-C) Plage de temp\u00e9rature : -20\u00b0C \u00e0 +95\u00b0C Pression<\/p>","protected":false},"featured_media":16209,"template":"","meta":[],"product_brand":[],"product_cat":[109],"product_tag":[],"class_list":{"0":"post-16214","1":"product","2":"type-product","3":"status-publish","4":"has-post-thumbnail","6":"product_cat-pprc-adara","8":"first","9":"instock","10":"shipping-taxable","11":"purchasable","12":"product-type-simple"},"jetpack_sharing_enabled":true,"_links":{"self":[{"href":"https:\/\/waterfalldz.com\/ar\/wp-json\/wp\/v2\/product\/16214","targetHints":{"allow":["GET"]}}],"collection":[{"href":"https:\/\/waterfalldz.com\/ar\/wp-json\/wp\/v2\/product"}],"about":[{"href":"https:\/\/waterfalldz.com\/ar\/wp-json\/wp\/v2\/types\/product"}],"version-history":[{"count":1,"href":"https:\/\/waterfalldz.com\/ar\/wp-json\/wp\/v2\/product\/16214\/revisions"}],"predecessor-version":[{"id":16215,"href":"https:\/\/waterfalldz.com\/ar\/wp-json\/wp\/v2\/product\/16214\/revisions\/16215"}],"wp:featuredmedia":[{"embeddable":true,"href":"https:\/\/waterfalldz.com\/ar\/wp-json\/wp\/v2\/media\/16209"}],"wp:attachment":[{"href":"https:\/\/waterfalldz.com\/ar\/wp-json\/wp\/v2\/media?parent=16214"}],"wp:term":[{"taxonomy":"product_brand","embeddable":true,"href":"https:\/\/waterfalldz.com\/ar\/wp-json\/wp\/v2\/product_brand?post=16214"},{"taxonomy":"product_cat","embeddable":true,"href":"https:\/\/waterfalldz.com\/ar\/wp-json\/wp\/v2\/product_cat?post=16214"},{"taxonomy":"product_tag","embeddable":true,"href":"https:\/\/waterfalldz.com\/ar\/wp-json\/wp\/v2\/product_tag?post=16214"}],"curies":[{"name":"wp","href":"https:\/\/api.w.org\/{rel}","templated":true}]}}