{"id":16204,"date":"2025-05-19T22:16:39","date_gmt":"2025-05-19T21:16:39","guid":{"rendered":"https:\/\/waterfalldz.com\/?post_type=product&#038;p=16204"},"modified":"2025-06-04T18:53:38","modified_gmt":"2025-06-04T17:53:38","slug":"robinet-modele-1","status":"publish","type":"product","link":"https:\/\/waterfalldz.com\/ar\/product\/robinet-modele-1\/","title":{"rendered":"Robinet MODELE 1"},"content":{"rendered":"<h3 class=\"\" data-start=\"180\" data-end=\"251\"><strong data-start=\"184\" data-end=\"251\">Robinet Design \u2013 Alliez \u00c9l\u00e9gance et Fonctionnalit\u00e9 au Quotidien<\/strong><\/h3>\n<p class=\"\" data-start=\"253\" data-end=\"522\">Offrez \u00e0 votre int\u00e9rieur une touche de modernit\u00e9 avec notre <strong data-start=\"313\" data-end=\"342\">robinet au design raffin\u00e9<\/strong>, pens\u00e9 pour conjuguer style, durabilit\u00e9 et praticit\u00e9. Fabriqu\u00e9 avec des mat\u00e9riaux haut de gamme, il garantit une utilisation fluide et une r\u00e9sistance exceptionnelle dans le temps.<\/p>\n<p class=\"\" data-start=\"524\" data-end=\"558\">","protected":false},"excerpt":{"rendered":"<p>Robinet Design \u2013 Alliez \u00c9l\u00e9gance et Fonctionnalit\u00e9 au Quotidien Offrez \u00e0 votre int\u00e9rieur une touche de modernit\u00e9 avec notre robinet<\/p>","protected":false},"featured_media":16210,"template":"","meta":[],"product_brand":[],"product_cat":[105],"product_tag":[],"class_list":{"0":"post-16204","1":"product","2":"type-product","3":"status-publish","4":"has-post-thumbnail","6":"product_cat-la-robinetterie","8":"first","9":"instock","10":"shipping-taxable","11":"purchasable","12":"product-type-simple"},"jetpack_sharing_enabled":true,"_links":{"self":[{"href":"https:\/\/waterfalldz.com\/ar\/wp-json\/wp\/v2\/product\/16204","targetHints":{"allow":["GET"]}}],"collection":[{"href":"https:\/\/waterfalldz.com\/ar\/wp-json\/wp\/v2\/product"}],"about":[{"href":"https:\/\/waterfalldz.com\/ar\/wp-json\/wp\/v2\/types\/product"}],"version-history":[{"count":1,"href":"https:\/\/waterfalldz.com\/ar\/wp-json\/wp\/v2\/product\/16204\/revisions"}],"predecessor-version":[{"id":16205,"href":"https:\/\/waterfalldz.com\/ar\/wp-json\/wp\/v2\/product\/16204\/revisions\/16205"}],"wp:featuredmedia":[{"embeddable":true,"href":"https:\/\/waterfalldz.com\/ar\/wp-json\/wp\/v2\/media\/16210"}],"wp:attachment":[{"href":"https:\/\/waterfalldz.com\/ar\/wp-json\/wp\/v2\/media?parent=16204"}],"wp:term":[{"taxonomy":"product_brand","embeddable":true,"href":"https:\/\/waterfalldz.com\/ar\/wp-json\/wp\/v2\/product_brand?post=16204"},{"taxonomy":"product_cat","embeddable":true,"href":"https:\/\/waterfalldz.com\/ar\/wp-json\/wp\/v2\/product_cat?post=16204"},{"taxonomy":"product_tag","embeddable":true,"href":"https:\/\/waterfalldz.com\/ar\/wp-json\/wp\/v2\/product_tag?post=16204"}],"curies":[{"name":"wp","href":"https:\/\/api.w.org\/{rel}","templated":true}]}}