{"id":16202,"date":"2025-05-19T22:14:34","date_gmt":"2025-05-19T21:14:34","guid":{"rendered":"https:\/\/waterfalldz.com\/?post_type=product&#038;p=16202"},"modified":"2025-05-19T22:24:17","modified_gmt":"2025-05-19T21:24:17","slug":"accessoires-multicoche-modele-1","status":"publish","type":"product","link":"https:\/\/waterfalldz.com\/ar\/product\/accessoires-multicoche-modele-1\/","title":{"rendered":"ACCESSOIRES MULTICOCHE MODELE 1"},"content":{"rendered":"<p class=\"\" data-start=\"233\" data-end=\"541\">Exprimez pleinement votre personnalit\u00e9 avec notre s\u00e9lection d&rsquo;<strong data-start=\"295\" data-end=\"321\">accessoires multicoche<\/strong> ! Choisissez plusieurs options en un seul clic : bijoux, ceintures, foulards, lunettes de soleil, sacs \u00e0 main, et bien plus encore. Cr\u00e9ez la combinaison parfaite qui correspond \u00e0 votre style, votre humeur ou l\u2019occasion.<\/p>\n<p class=\"\" data-start=\"543\" data-end=\"565\"><strong data-start=\"543\" data-end=\"565\">Caract\u00e9ristiques :<\/strong><\/p>\n<ul data-start=\"566\" data-end=\"797\">\n<li class=\"\" data-start=\"566\" data-end=\"644\">\n<p class=\"\" data-start=\"568\" data-end=\"644\">S\u00e9lection multiple possible : ajoutez plusieurs accessoires \u00e0 votre commande<\/p>\n<\/li>\n<li class=\"\" data-start=\"645\" data-end=\"701\">\n<p class=\"\" data-start=\"647\" data-end=\"701\">Produits compatibles entre eux pour un look harmonieux<\/p>\n<\/li>\n<li class=\"\" data-start=\"702\" data-end=\"759\">\n<p class=\"\" data-start=\"704\" data-end=\"759\">Id\u00e9al pour les id\u00e9es cadeaux ou les packs personnalis\u00e9s<\/p>\n<\/li>\n<li class=\"\" data-start=\"760\" data-end=\"797\">\n<p class=\"\" data-start=\"762\" data-end=\"797\">Qualit\u00e9 premium et designs tendance<\/p>\n<\/li>\n<\/ul>","protected":false},"excerpt":{"rendered":"<p>Exprimez pleinement votre personnalit\u00e9 avec notre s\u00e9lection d&rsquo;accessoires multicoche ! Choisissez plusieurs options en un seul clic : bijoux, ceintures,<\/p>","protected":false},"featured_media":16208,"template":"","meta":[],"product_brand":[],"product_cat":[22],"product_tag":[],"class_list":{"0":"post-16202","1":"product","2":"type-product","3":"status-publish","4":"has-post-thumbnail","6":"product_cat-accessoires-multicouche","8":"first","9":"instock","10":"shipping-taxable","11":"purchasable","12":"product-type-simple"},"jetpack_sharing_enabled":true,"_links":{"self":[{"href":"https:\/\/waterfalldz.com\/ar\/wp-json\/wp\/v2\/product\/16202","targetHints":{"allow":["GET"]}}],"collection":[{"href":"https:\/\/waterfalldz.com\/ar\/wp-json\/wp\/v2\/product"}],"about":[{"href":"https:\/\/waterfalldz.com\/ar\/wp-json\/wp\/v2\/types\/product"}],"version-history":[{"count":1,"href":"https:\/\/waterfalldz.com\/ar\/wp-json\/wp\/v2\/product\/16202\/revisions"}],"predecessor-version":[{"id":16203,"href":"https:\/\/waterfalldz.com\/ar\/wp-json\/wp\/v2\/product\/16202\/revisions\/16203"}],"wp:featuredmedia":[{"embeddable":true,"href":"https:\/\/waterfalldz.com\/ar\/wp-json\/wp\/v2\/media\/16208"}],"wp:attachment":[{"href":"https:\/\/waterfalldz.com\/ar\/wp-json\/wp\/v2\/media?parent=16202"}],"wp:term":[{"taxonomy":"product_brand","embeddable":true,"href":"https:\/\/waterfalldz.com\/ar\/wp-json\/wp\/v2\/product_brand?post=16202"},{"taxonomy":"product_cat","embeddable":true,"href":"https:\/\/waterfalldz.com\/ar\/wp-json\/wp\/v2\/product_cat?post=16202"},{"taxonomy":"product_tag","embeddable":true,"href":"https:\/\/waterfalldz.com\/ar\/wp-json\/wp\/v2\/product_tag?post=16202"}],"curies":[{"name":"wp","href":"https:\/\/api.w.org\/{rel}","templated":true}]}}